{"id":50,"date":"2024-06-01T11:40:56","date_gmt":"2024-06-01T11:40:56","guid":{"rendered":"https:\/\/liko.foxthemes.me\/?page_id=50"},"modified":"2025-09-02T03:57:41","modified_gmt":"2025-09-02T03:57:41","slug":"faq","status":"publish","type":"page","link":"https:\/\/web.leadbox.ec\/index.php\/faq\/","title":{"rendered":"FAQ"},"content":{"rendered":"\t\t<div data-elementor-type=\"wp-page\" data-elementor-id=\"50\" class=\"elementor elementor-50\">\n\t\t\t\t<div class=\"elementor-element elementor-element-07f8c9e e-flex e-con-boxed e-con e-parent\" data-id=\"07f8c9e\" data-element_type=\"container\">\n\t\t\t\t\t<div class=\"e-con-inner\">\n\t\t\t\t<div class=\"elementor-element elementor-element-e09a471 elementor-widget__width-inherit elementor-widget elementor-widget-tp-page-title\" data-id=\"e09a471\" data-element_type=\"widget\" data-settings=\"{&quot;tp_anima_type&quot;:&quot;tp-char-animation&quot;}\" data-widget_type=\"tp-page-title.default\">\n\t\t\t\t<div class=\"elementor-widget-container\">\n\t\t\t\t\t\n\n<div class=\"tp-el-section\">\n    <div class=\"tm-hero-content\">\n                    <span class=\"tm-hero-subtitle tp-el-subtitle \">LeadBox<\/span>\n            \n        <h2 class=\"tm-hero-title fs-220 tp-el-title tp-char-animation\">Tienes Dudas?<\/h2>    <\/div>\n    \n            <p class=\"tm-hero-text tp_title_anim tp-el-desc\">\n            Aqu\u00ed podr\u00e1s encontrar  las respuestas.        <\/p>\n    <\/div>\n\n\t\t\t\t<\/div>\n\t\t\t\t<\/div>\n\t\t\t\t\t<\/div>\n\t\t\t\t<\/div>\n\t\t<div class=\"elementor-element elementor-element-e9f0da0 e-flex e-con-boxed e-con e-parent\" data-id=\"e9f0da0\" data-element_type=\"container\">\n\t\t\t\t\t<div class=\"e-con-inner\">\n\t\t<div class=\"elementor-element elementor-element-a85bc6d e-con-full e-flex e-con e-child\" data-id=\"a85bc6d\" data-element_type=\"container\">\n\t\t\t\t<div class=\"elementor-element elementor-element-067a96e elementor-widget elementor-widget-tp-faq\" data-id=\"067a96e\" data-element_type=\"widget\" data-widget_type=\"tp-faq.default\">\n\t\t\t\t<div class=\"elementor-widget-container\">\n\t\t\t\t\t\n\n    \n\n        <div class=\"fq-faq-wrapper\">\n            <div class=\"tp-service-2-accordion-box\">\n                <div class=\"accordion\" id=\"accordionExample-067a96e\">\n\n                    \n                    <div class=\"accordion-items tp-el-separtor\">\n                        <h2 class=\"accordion-header\">\n                            <button class=\"accordion-buttons tp-el-title collapsed\" type=\"button\" data-bs-toggle=\"collapse\" data-bs-target=\"#collapseOne-067a96e0\" aria-expanded=\"true\" aria-controls=\"collapseOne-067a96e0\">\n                                Qu\u00e9 hacemos?                                <span class=\"accordion-icon tp-el-icon-color\"><\/span>\n                            <\/button>\n                        <\/h2>\n                        <div id=\"collapseOne-067a96e0\" class=\"accordion-collapse collapse \" data-bs-parent=\"#accordionExample-067a96e\">\n                            <div class=\"accordion-body\">\n                                <p class=\"tp-el-content\">Lorem ipsum dolor sit amet, consectetur adipiscing elit sed do. eiusmod tempor incididunt ut labore et dolore magna aliqua. Ut enim ad minim veniam, quis nostrud exercitation ullamco laboris.!<\/p>\n                            <\/div>\n                        <\/div>\n                    <\/div>\n                    \n                    <div class=\"accordion-items tp-el-separtor\">\n                        <h2 class=\"accordion-header\">\n                            <button class=\"accordion-buttons tp-el-title collapsed\" type=\"button\" data-bs-toggle=\"collapse\" data-bs-target=\"#collapseOne-067a96e1\" aria-expanded=\"true\" aria-controls=\"collapseOne-067a96e1\">\n                                Qu\u00e9 es LeadGo?                                <span class=\"accordion-icon tp-el-icon-color\"><\/span>\n                            <\/button>\n                        <\/h2>\n                        <div id=\"collapseOne-067a96e1\" class=\"accordion-collapse collapse \" data-bs-parent=\"#accordionExample-067a96e\">\n                            <div class=\"accordion-body\">\n                                <p class=\"tp-el-content\">Lorem ipsum dolor sit amet, consectetur adipiscing elit sed do. eiusmod tempor incididunt ut labore et dolore magna aliqua. Ut enim ad minim veniam, quis nostrud exercitation ullamco laboris.!<\/p>\n                            <\/div>\n                        <\/div>\n                    <\/div>\n                    \n                    <div class=\"accordion-items tp-el-separtor\">\n                        <h2 class=\"accordion-header\">\n                            <button class=\"accordion-buttons tp-el-title collapsed\" type=\"button\" data-bs-toggle=\"collapse\" data-bs-target=\"#collapseOne-067a96e2\" aria-expanded=\"true\" aria-controls=\"collapseOne-067a96e2\">\n                                Qu\u00e9 es LeadBot?                                <span class=\"accordion-icon tp-el-icon-color\"><\/span>\n                            <\/button>\n                        <\/h2>\n                        <div id=\"collapseOne-067a96e2\" class=\"accordion-collapse collapse \" data-bs-parent=\"#accordionExample-067a96e\">\n                            <div class=\"accordion-body\">\n                                <p class=\"tp-el-content\">Lorem ipsum dolor sit amet, consectetur adipiscing elit sed do. eiusmod tempor incididunt ut labore et dolore magna aliqua. Ut enim ad minim veniam, quis nostrud exercitation ullamco laboris.!<\/p>\n                            <\/div>\n                        <\/div>\n                    <\/div>\n                    \n                    <div class=\"accordion-items tp-el-separtor\">\n                        <h2 class=\"accordion-header\">\n                            <button class=\"accordion-buttons tp-el-title collapsed\" type=\"button\" data-bs-toggle=\"collapse\" data-bs-target=\"#collapseOne-067a96e3\" aria-expanded=\"true\" aria-controls=\"collapseOne-067a96e3\">\n                                Qu\u00e9 es es LeadDate                                <span class=\"accordion-icon tp-el-icon-color\"><\/span>\n                            <\/button>\n                        <\/h2>\n                        <div id=\"collapseOne-067a96e3\" class=\"accordion-collapse collapse \" data-bs-parent=\"#accordionExample-067a96e\">\n                            <div class=\"accordion-body\">\n                                <p class=\"tp-el-content\">Lorem ipsum dolor sit amet, consectetur adipiscing elit sed do. eiusmod tempor incididunt ut labore et dolore magna aliqua. Ut enim ad minim veniam, quis nostrud exercitation ullamco laboris.!<\/p>\n                            <\/div>\n                        <\/div>\n                    <\/div>\n                    \n                    <div class=\"accordion-items tp-el-separtor\">\n                        <h2 class=\"accordion-header\">\n                            <button class=\"accordion-buttons tp-el-title collapsed\" type=\"button\" data-bs-toggle=\"collapse\" data-bs-target=\"#collapseOne-067a96e4\" aria-expanded=\"true\" aria-controls=\"collapseOne-067a96e4\">\n                                Qu\u00e9 es LeadPlay                                <span class=\"accordion-icon tp-el-icon-color\"><\/span>\n                            <\/button>\n                        <\/h2>\n                        <div id=\"collapseOne-067a96e4\" class=\"accordion-collapse collapse \" data-bs-parent=\"#accordionExample-067a96e\">\n                            <div class=\"accordion-body\">\n                                <p class=\"tp-el-content\">Lorem ipsum dolor sit amet, consectetur adipiscing elit sed do. eiusmod tempor incididunt ut labore et dolore magna aliqua. Ut enim ad minim veniam, quis nostrud exercitation ullamco laboris.!<\/p>\n                            <\/div>\n                        <\/div>\n                    <\/div>\n                    \n                    <div class=\"accordion-items tp-el-separtor\">\n                        <h2 class=\"accordion-header\">\n                            <button class=\"accordion-buttons tp-el-title collapsed\" type=\"button\" data-bs-toggle=\"collapse\" data-bs-target=\"#collapseOne-067a96e5\" aria-expanded=\"true\" aria-controls=\"collapseOne-067a96e5\">\n                                Qu\u00e9 es LeadShop                                <span class=\"accordion-icon tp-el-icon-color\"><\/span>\n                            <\/button>\n                        <\/h2>\n                        <div id=\"collapseOne-067a96e5\" class=\"accordion-collapse collapse \" data-bs-parent=\"#accordionExample-067a96e\">\n                            <div class=\"accordion-body\">\n                                <p class=\"tp-el-content\">Lorem ipsum dolor sit amet, consectetur adipiscing elit sed do. eiusmod tempor incididunt ut labore et dolore magna aliqua. Ut enim ad minim veniam, quis nostrud exercitation ullamco laboris.!<\/p>\n                            <\/div>\n                        <\/div>\n                    <\/div>\n                    \n                    <div class=\"accordion-items tp-el-separtor\">\n                        <h2 class=\"accordion-header\">\n                            <button class=\"accordion-buttons tp-el-title collapsed\" type=\"button\" data-bs-toggle=\"collapse\" data-bs-target=\"#collapseOne-067a96e6\" aria-expanded=\"true\" aria-controls=\"collapseOne-067a96e6\">\n                                Qu\u00e9 canales digitales puedo conectar ?                                <span class=\"accordion-icon tp-el-icon-color\"><\/span>\n                            <\/button>\n                        <\/h2>\n                        <div id=\"collapseOne-067a96e6\" class=\"accordion-collapse collapse \" data-bs-parent=\"#accordionExample-067a96e\">\n                            <div class=\"accordion-body\">\n                                <p class=\"tp-el-content\">Facilis fugiat hic ipsam iusto laudantium libero maiores minima molestiae mollitia repellat rerum sunt ullam voluptates? Perferendis, suscipit.<\/p>\n                            <\/div>\n                        <\/div>\n                    <\/div>\n                    \n                    <div class=\"accordion-items tp-el-separtor\">\n                        <h2 class=\"accordion-header\">\n                            <button class=\"accordion-buttons tp-el-title collapsed\" type=\"button\" data-bs-toggle=\"collapse\" data-bs-target=\"#collapseOne-067a96e7\" aria-expanded=\"true\" aria-controls=\"collapseOne-067a96e7\">\n                                Que canales conversacionales puedo conectar?                                <span class=\"accordion-icon tp-el-icon-color\"><\/span>\n                            <\/button>\n                        <\/h2>\n                        <div id=\"collapseOne-067a96e7\" class=\"accordion-collapse collapse \" data-bs-parent=\"#accordionExample-067a96e\">\n                            <div class=\"accordion-body\">\n                                <p class=\"tp-el-content\">Facilis fugiat hic ipsam iusto laudantium libero maiores minima molestiae mollitia repellat rerum sunt ullam voluptates? Perferendis, suscipit.<\/p>\n                            <\/div>\n                        <\/div>\n                    <\/div>\n                    \n                    <div class=\"accordion-items tp-el-separtor\">\n                        <h2 class=\"accordion-header\">\n                            <button class=\"accordion-buttons tp-el-title collapsed\" type=\"button\" data-bs-toggle=\"collapse\" data-bs-target=\"#collapseOne-067a96e8\" aria-expanded=\"true\" aria-controls=\"collapseOne-067a96e8\">\n                                En cuanto tiempo puedo tener el CRM listo ?                                <span class=\"accordion-icon tp-el-icon-color\"><\/span>\n                            <\/button>\n                        <\/h2>\n                        <div id=\"collapseOne-067a96e8\" class=\"accordion-collapse collapse \" data-bs-parent=\"#accordionExample-067a96e\">\n                            <div class=\"accordion-body\">\n                                <p class=\"tp-el-content\">Facilis fugiat hic ipsam iusto laudantium libero maiores minima molestiae mollitia repellat rerum sunt ullam voluptates? Perferendis, suscipit.<\/p>\n                            <\/div>\n                        <\/div>\n                    <\/div>\n                    \n                    <div class=\"accordion-items tp-el-separtor\">\n                        <h2 class=\"accordion-header\">\n                            <button class=\"accordion-buttons tp-el-title collapsed\" type=\"button\" data-bs-toggle=\"collapse\" data-bs-target=\"#collapseOne-067a96e9\" aria-expanded=\"true\" aria-controls=\"collapseOne-067a96e9\">\n                                Qu\u00e9 son Agentes IA                                <span class=\"accordion-icon tp-el-icon-color\"><\/span>\n                            <\/button>\n                        <\/h2>\n                        <div id=\"collapseOne-067a96e9\" class=\"accordion-collapse collapse \" data-bs-parent=\"#accordionExample-067a96e\">\n                            <div class=\"accordion-body\">\n                                <p class=\"tp-el-content\">Un agente de IA es un sistema de software inteligente que puede actuar de forma aut\u00f3noma para cumplir objetivos, utilizando razonamiento, planificaci\u00f3n y memoria para tomar decisiones, aprender y adaptarse a su entorno. A diferencia de un chatbot tradicional, que solo conversa, un agente de IA puede ejecutar procesos complejos, interactuar con herramientas y sistemas, y automatizar flujos de trabajo sin intervenci\u00f3n humana constante. <\/p>\n                            <\/div>\n                        <\/div>\n                    <\/div>\n                                    <\/div>\n            <\/div>\n        <\/div>\n\n\n\n\t\t\t\t<\/div>\n\t\t\t\t<\/div>\n\t\t\t\t<\/div>\n\t\t<div class=\"elementor-element elementor-element-2ddfc66 e-con-full e-flex e-con e-child\" data-id=\"2ddfc66\" data-element_type=\"container\">\n\t\t\t\t<div class=\"elementor-element elementor-element-e4c3ba7 elementor-widget elementor-widget-tp-animated-text\" data-id=\"e4c3ba7\" data-element_type=\"widget\" data-widget_type=\"tp-animated-text.default\">\n\t\t\t\t<div class=\"elementor-widget-container\">\n\t\t\t\t\t\n\n\n<h4 class=\" liko-animated-text-widget tp-el-animation-heading tp-section-title-span-padding \">Q&amp;A<\/h4>\n\t\t\t\t<\/div>\n\t\t\t\t<\/div>\n\t\t\t\t<div class=\"elementor-element elementor-element-08183bf elementor-widget elementor-widget-tp-animated-text\" data-id=\"08183bf\" data-element_type=\"widget\" data-widget_type=\"tp-animated-text.default\">\n\t\t\t\t<div class=\"elementor-widget-container\">\n\t\t\t\t\t\n\n\n<p class=\" liko-animated-text-widget tp-el-animation-heading tp-section-title-span-padding \">Lorem ipsum dolor sit laud munere dicunt detraxit mel, nisl evertitu\neu vim.<\/p>\n\t\t\t\t<\/div>\n\t\t\t\t<\/div>\n\t\t\t\t<div class=\"elementor-element elementor-element-eb95f9d elementor-widget elementor-widget-image\" data-id=\"eb95f9d\" data-element_type=\"widget\" data-widget_type=\"image.default\">\n\t\t\t\t\t\t\t\t\t\t\t\t\t\t\t<img fetchpriority=\"high\" decoding=\"async\" width=\"300\" height=\"240\" src=\"https:\/\/web.leadbox.ec\/wp-content\/uploads\/2024\/06\/banner-faq.jpg\" class=\"attachment-full size-full wp-image-3022\" alt=\"\" \/>\t\t\t\t\t\t\t\t\t\t\t\t\t\t\t<\/div>\n\t\t\t\t<\/div>\n\t\t\t\t\t<\/div>\n\t\t\t\t<\/div>\n\t\t<div class=\"elementor-element elementor-element-f54faa0 e-flex e-con-boxed e-con e-parent\" data-id=\"f54faa0\" data-element_type=\"container\">\n\t\t\t\t\t<div class=\"e-con-inner\">\n\t\t\t\t<div class=\"elementor-element elementor-element-379baa3 elementor-widget elementor-widget-tp-contact-cta\" data-id=\"379baa3\" data-element_type=\"widget\" data-settings=\"{&quot;tp_anima_type&quot;:&quot;tp-char-animation&quot;}\" data-widget_type=\"tp-contact-cta.default\">\n\t\t\t\t<div class=\"elementor-widget-container\">\n\t\t\t\t\t\n\n<div class=\"sv-small-text-box d-flex justify-content-between\">\n            <span class=\"tp-el-left-subtitle\">LEADBOX<\/span>\n                <span class=\"tp-el-right-subtitle\">FAMILY SOLUTIONS<\/span>\n    <\/div>\n\n    <div class=\"sv-big-text-box\">\n    <h2 class=\"sv-big-text tp-el-title tp-char-animation\"><a href=\"https:\/\/web.leadbox.ec\/index.php\/get-in-touch\/\" target=\"_self\" rel=\"nofollow\">THE ROI EXPERIENCE<\/a> <\/h2>    <\/div>\n\n\t\t\t\t<\/div>\n\t\t\t\t<\/div>\n\t\t\t\t\t<\/div>\n\t\t\t\t<\/div>\n\t\t\t\t<\/div>\n\t\t","protected":false},"excerpt":{"rendered":"<p>LeadBox Tienes Dudas? Aqu\u00ed podr\u00e1s encontrar las respuestas. Qu\u00e9 hacemos? Lorem ipsum dolor sit amet, consectetur adipiscing elit sed do. eiusmod tempor incididunt ut labore et dolore magna aliqua. Ut enim ad minim veniam, quis nostrud exercitation ullamco laboris.! Qu\u00e9 es LeadGo? Lorem ipsum dolor sit amet, consectetur adipiscing elit sed do. eiusmod tempor incididunt [&hellip;]<\/p>\n","protected":false},"author":1,"featured_media":0,"parent":0,"menu_order":0,"comment_status":"closed","ping_status":"closed","template":"elementor_header_footer","meta":{"footnotes":""},"class_list":["post-50","page","type-page","status-publish","hentry"],"_links":{"self":[{"href":"https:\/\/web.leadbox.ec\/index.php\/wp-json\/wp\/v2\/pages\/50","targetHints":{"allow":["GET"]}}],"collection":[{"href":"https:\/\/web.leadbox.ec\/index.php\/wp-json\/wp\/v2\/pages"}],"about":[{"href":"https:\/\/web.leadbox.ec\/index.php\/wp-json\/wp\/v2\/types\/page"}],"author":[{"embeddable":true,"href":"https:\/\/web.leadbox.ec\/index.php\/wp-json\/wp\/v2\/users\/1"}],"replies":[{"embeddable":true,"href":"https:\/\/web.leadbox.ec\/index.php\/wp-json\/wp\/v2\/comments?post=50"}],"version-history":[{"count":16,"href":"https:\/\/web.leadbox.ec\/index.php\/wp-json\/wp\/v2\/pages\/50\/revisions"}],"predecessor-version":[{"id":15898,"href":"https:\/\/web.leadbox.ec\/index.php\/wp-json\/wp\/v2\/pages\/50\/revisions\/15898"}],"wp:attachment":[{"href":"https:\/\/web.leadbox.ec\/index.php\/wp-json\/wp\/v2\/media?parent=50"}],"curies":[{"name":"wp","href":"https:\/\/api.w.org\/{rel}","templated":true}]}}